{"id":2226,"date":"2024-12-19T16:28:22","date_gmt":"2024-12-19T16:28:22","guid":{"rendered":"https:\/\/cbmprod.vcnastaging.com\/?page_id=2226"},"modified":"2025-01-03T19:24:07","modified_gmt":"2025-01-03T19:24:07","slug":"health-and-safety-2","status":"publish","type":"page","link":"https:\/\/www.canadabuildingmaterials.com\/fr\/health-and-safety-2\/","title":{"rendered":"De la sant\u00e9 et de la S\u00e9curit\u00e9"},"content":{"rendered":"<div data-elementor-type=\"wp-page\" data-elementor-id=\"2226\" class=\"elementor elementor-2226\" data-elementor-post-type=\"page\">\n\t\t\t\t<div data-particle_enable=\"false\" data-particle-mobile-disabled=\"false\" class=\"elementor-element elementor-element-79b65c0d e-con-full e-flex e-con e-parent\" data-id=\"79b65c0d\" data-element_type=\"container\">\n\t\t<div data-particle_enable=\"false\" data-particle-mobile-disabled=\"false\" class=\"elementor-element elementor-element-41b1b7e9 e-con-full e-flex e-con e-child\" data-id=\"41b1b7e9\" data-element_type=\"container\" data-settings=\"{&quot;background_background&quot;:&quot;classic&quot;}\">\n\t\t<div data-particle_enable=\"false\" data-particle-mobile-disabled=\"false\" class=\"elementor-element elementor-element-399197fa e-con-full e-flex e-con e-child\" data-id=\"399197fa\" data-element_type=\"container\">\n\t\t\t\t<div class=\"elementor-element elementor-element-2df4cf92 elementor-widget elementor-widget-heading\" data-id=\"2df4cf92\" data-element_type=\"widget\" data-widget_type=\"heading.default\">\n\t\t\t\t<div class=\"elementor-widget-container\">\n\t\t\t\t\t<h2 class=\"elementor-heading-title elementor-size-default\">Responsabilit\u00e9 Sociale De L&#039;\n<\/h2>\t\t\t\t<\/div>\n\t\t\t\t<\/div>\n\t\t\t\t<div class=\"elementor-element elementor-element-629c36be elementor-widget elementor-widget-heading\" data-id=\"629c36be\" data-element_type=\"widget\" data-widget_type=\"heading.default\">\n\t\t\t\t<div class=\"elementor-widget-container\">\n\t\t\t\t\t<h2 class=\"elementor-heading-title elementor-size-default\">Our corporate social responsibility is a daily practice.\n<\/h2>\t\t\t\t<\/div>\n\t\t\t\t<\/div>\n\t\t\t\t<\/div>\n\t\t\t\t<\/div>\n\t\t\t\t<\/div>\n\t\t<div data-particle_enable=\"false\" data-particle-mobile-disabled=\"false\" class=\"elementor-element elementor-element-0fa7515 e-flex e-con-boxed e-con e-parent\" data-id=\"0fa7515\" data-element_type=\"container\" id=\"locations\">\n\t\t\t\t\t<div class=\"e-con-inner\">\n\t\t<div data-particle_enable=\"false\" data-particle-mobile-disabled=\"false\" class=\"elementor-element elementor-element-184508c e-con-full e-flex e-con e-child\" data-id=\"184508c\" data-element_type=\"container\">\n\t\t\t\t<div class=\"elementor-element elementor-element-6436727 elementor-widget elementor-widget-text-editor\" data-id=\"6436727\" data-element_type=\"widget\" data-widget_type=\"text-editor.default\">\n\t\t\t\t<div class=\"elementor-widget-container\">\n\t\t\t\t\t\t\t\t\tWe are committed to causes important to the communities that surround our sites and to open dialogue about our operations.\u200b\n\t\t\t\t\t\t\t\t<\/div>\n\t\t\t\t<\/div>\n\t\t\t\t<div class=\"elementor-element elementor-element-1ffc13e elementor-widget elementor-widget-text-editor\" data-id=\"1ffc13e\" data-element_type=\"widget\" data-widget_type=\"text-editor.default\">\n\t\t\t\t<div class=\"elementor-widget-container\">\n\t\t\t\t\t\t\t\t\t<p>Concrete is the most used man-made material in the world and cement and aggregates are key ingredients in concrete. These are our products and you&#8217;ll find them everywhere \u2013 from homes and hospitals to schools, streets and skyscrapers.<\/p>\t\t\t\t\t\t\t\t<\/div>\n\t\t\t\t<\/div>\n\t\t\t\t<div class=\"elementor-element elementor-element-e6f0385 elementor-widget elementor-widget-text-editor\" data-id=\"e6f0385\" data-element_type=\"widget\" data-widget_type=\"text-editor.default\">\n\t\t\t\t<div class=\"elementor-widget-container\">\n\t\t\t\t\t\t\t\t\t<p>Our materials improve peoples&#8217; quality of life by supporting the development, modernization and improvement of towns, cities and infrastructure. This requires large-scale operations. With cement plants, ready-mixed concrete yards and aggregates sites positioned to support customers around the Great Lakes, we recognize that we have a significant presence in the communities where we work and live. Having sites close to where our products are used helps to reduce transportation requirements, contributing to lower greenhouse gas emissions.<\/p>\t\t\t\t\t\t\t\t<\/div>\n\t\t\t\t<\/div>\n\t\t\t\t<div class=\"elementor-element elementor-element-26493bb elementor-widget elementor-widget-text-editor\" data-id=\"26493bb\" data-element_type=\"widget\" data-widget_type=\"text-editor.default\">\n\t\t\t\t<div class=\"elementor-widget-container\">\n\t\t\t\t\t\t\t\t\t<p>We strive to be socially responsible and available for constructive dialogue about our operations and view social responsibility as having two parts: managing potential impacts resulting from our operations and getting involved with causes important to the communities that surround our sites.<\/p>\t\t\t\t\t\t\t\t<\/div>\n\t\t\t\t<\/div>\n\t\t\t\t<\/div>\n\t\t<div data-particle_enable=\"false\" data-particle-mobile-disabled=\"false\" class=\"elementor-element elementor-element-93be2c9 e-con-full e-flex e-con e-child\" data-id=\"93be2c9\" data-element_type=\"container\">\n\t\t\t\t<div class=\"elementor-element elementor-element-e8f09ae elementor-widget elementor-widget-image\" data-id=\"e8f09ae\" data-element_type=\"widget\" data-widget_type=\"image.default\">\n\t\t\t\t<div class=\"elementor-widget-container\">\n\t\t\t\t\t\t\t\t\t\t\t\t\t\t\t<img fetchpriority=\"high\" decoding=\"async\" width=\"2048\" height=\"1365\" src=\"https:\/\/www.canadabuildingmaterials.com\/wp-content\/uploads\/sites\/11\/2024\/11\/71b12fb7e99f21e271c4f2a7a2879b80.png\" class=\"attachment-full size-full wp-image-1982\" alt=\"\" srcset=\"https:\/\/www.canadabuildingmaterials.com\/wp-content\/uploads\/sites\/11\/2024\/11\/71b12fb7e99f21e271c4f2a7a2879b80.png 2048w, https:\/\/www.canadabuildingmaterials.com\/wp-content\/uploads\/sites\/11\/2024\/11\/71b12fb7e99f21e271c4f2a7a2879b80-300x200.png 300w, https:\/\/www.canadabuildingmaterials.com\/wp-content\/uploads\/sites\/11\/2024\/11\/71b12fb7e99f21e271c4f2a7a2879b80-1024x683.png 1024w, https:\/\/www.canadabuildingmaterials.com\/wp-content\/uploads\/sites\/11\/2024\/11\/71b12fb7e99f21e271c4f2a7a2879b80-768x512.png 768w, https:\/\/www.canadabuildingmaterials.com\/wp-content\/uploads\/sites\/11\/2024\/11\/71b12fb7e99f21e271c4f2a7a2879b80-1536x1024.png 1536w, https:\/\/www.canadabuildingmaterials.com\/wp-content\/uploads\/sites\/11\/2024\/11\/71b12fb7e99f21e271c4f2a7a2879b80-18x12.png 18w\" sizes=\"(max-width: 2048px) 100vw, 2048px\" \/>\t\t\t\t\t\t\t\t\t\t\t\t\t\t\t<\/div>\n\t\t\t\t<\/div>\n\t\t\t\t<\/div>\n\t\t\t\t\t<\/div>\n\t\t\t\t<\/div>\n\t\t<div data-particle_enable=\"false\" data-particle-mobile-disabled=\"false\" class=\"elementor-element elementor-element-2d0d331 e-flex e-con-boxed e-con e-parent\" data-id=\"2d0d331\" data-element_type=\"container\">\n\t\t\t\t\t<div class=\"e-con-inner\">\n\t\t\t\t<div class=\"elementor-element elementor-element-1392125 elementor-widget elementor-widget-text-editor\" data-id=\"1392125\" data-element_type=\"widget\" data-widget_type=\"text-editor.default\">\n\t\t\t\t<div class=\"elementor-widget-container\">\n\t\t\t\t\t\t\t\t\t<p><strong>Managing potential impacts<\/strong><\/p><p>We are active in both global and North American industry associations committed to furthering the use of safe, low-carbon alternative fuels, including those that may otherwise end up in landfills, and advancing policies to speed their adoption. We are also a recognized leader in the rehabilitation of lands we use, progressively restoring them to active farmland and naturalized features that complement the surrounding areas. Our operations are governed by organizations with policies established to ensure the health of communities surrounding our operations. When neighbors have concerns, we make time to hear those concerns and explain our operations and the regulatory limits in which we operate. We have several ways in which we work to maintain open dialogue, including fielding calls, hosting visits, tours and community meetings, and participating in municipal and community forums.<\/p><p><strong>Getting involved<\/strong><\/p><p>Our goal as a business is to make a positive impact though our products \u2014 and charitable activities. Our employees regularly volunteer time and make personal donations to a variety of causes important to the communities that surround our operations. These activities are focused primarily around Health &amp; Wellness; Veterans, Emergency Services and Law Enforcement; and Education. In the past five years, VCNA businesses have contibuted approximately $US 1.6M in support of these causes. \u200b<\/p>\t\t\t\t\t\t\t\t<\/div>\n\t\t\t\t<\/div>\n\t\t\t\t<div class=\"elementor-element elementor-element-2ffd169 elementor-widget elementor-widget-image\" data-id=\"2ffd169\" data-element_type=\"widget\" data-widget_type=\"image.default\">\n\t\t\t\t<div class=\"elementor-widget-container\">\n\t\t\t\t\t\t\t\t\t\t\t\t\t\t\t<img decoding=\"async\" width=\"222\" height=\"87\" src=\"https:\/\/www.canadabuildingmaterials.com\/wp-content\/uploads\/sites\/11\/2024\/12\/cbm-micro-link.jpg\" class=\"attachment-large size-large wp-image-2209\" alt=\"\" srcset=\"https:\/\/www.canadabuildingmaterials.com\/wp-content\/uploads\/sites\/11\/2024\/12\/cbm-micro-link.jpg 222w, https:\/\/www.canadabuildingmaterials.com\/wp-content\/uploads\/sites\/11\/2024\/12\/cbm-micro-link-18x7.jpg 18w\" sizes=\"(max-width: 222px) 100vw, 222px\" \/>\t\t\t\t\t\t\t\t\t\t\t\t\t\t\t<\/div>\n\t\t\t\t<\/div>\n\t\t\t\t\t<\/div>\n\t\t\t\t<\/div>\n\t\t\t\t<\/div>","protected":false},"excerpt":{"rendered":"<p>Social Responsibility Our corporate social responsibility is a daily practice. We are committed to causes important to the communities that surround our sites and to open dialogue about our operations.\u200b Concrete is the most used man-made material in the world and cement and aggregates are key ingredients in concrete. These are our products and you&#8217;ll [&hellip;]<\/p>","protected":false},"author":2,"featured_media":0,"parent":0,"menu_order":0,"comment_status":"closed","ping_status":"closed","template":"","meta":{"_acf_changed":false,"footnotes":""},"class_list":["post-2226","page","type-page","status-publish","hentry"],"acf":[],"_links":{"self":[{"href":"https:\/\/www.canadabuildingmaterials.com\/fr\/wp-json\/wp\/v2\/pages\/2226","targetHints":{"allow":["GET"]}}],"collection":[{"href":"https:\/\/www.canadabuildingmaterials.com\/fr\/wp-json\/wp\/v2\/pages"}],"about":[{"href":"https:\/\/www.canadabuildingmaterials.com\/fr\/wp-json\/wp\/v2\/types\/page"}],"author":[{"embeddable":true,"href":"https:\/\/www.canadabuildingmaterials.com\/fr\/wp-json\/wp\/v2\/users\/2"}],"replies":[{"embeddable":true,"href":"https:\/\/www.canadabuildingmaterials.com\/fr\/wp-json\/wp\/v2\/comments?post=2226"}],"version-history":[{"count":0,"href":"https:\/\/www.canadabuildingmaterials.com\/fr\/wp-json\/wp\/v2\/pages\/2226\/revisions"}],"wp:attachment":[{"href":"https:\/\/www.canadabuildingmaterials.com\/fr\/wp-json\/wp\/v2\/media?parent=2226"}],"curies":[{"name":"wp","href":"https:\/\/api.w.org\/{rel}","templated":true}]}}